{"id":556,"date":"2025-02-21T23:55:59","date_gmt":"2025-02-22T02:55:59","guid":{"rendered":"https:\/\/saept.ic.ufmt.br\/?page_id=556"},"modified":"2025-05-30T17:41:34","modified_gmt":"2025-05-30T20:41:34","slug":"participacao-em-selecao","status":"publish","type":"page","link":"https:\/\/saept.ic.ufmt.br\/index.php\/participacao-em-selecao\/","title":{"rendered":"Participa\u00e7\u00e3o em sele\u00e7\u00e3o"},"content":{"rendered":"\n<div style=\"height:25px\" aria-hidden=\"true\" class=\"wp-block-spacer\"><\/div>\n\n\n\n<h4 class=\"wp-block-heading\"><strong>Realizar Cadastro no Sistema SGC<\/strong><\/h4>\n\n\n\n<div class=\"wp-block-group is-nowrap is-layout-flex wp-container-core-group-is-layout-6c531013 wp-block-group-is-layout-flex\">\n<p><mark style=\"background-color:rgba(0, 0, 0, 0)\" class=\"has-inline-color has-contrast-color\">Para ver o PDF, <\/mark><a href=\"https:\/\/saept.ic.ufmt.br\/wp-content\/uploads\/2025\/02\/Realizar-Cadastro-no-Sistema-SGC-02-1.pdf\">clique aqui<\/a><\/p>\n<\/div>\n\n\n\n<hr class=\"wp-block-separator has-alpha-channel-opacity is-style-wide\"\/>\n\n\n\n<h4 class=\"wp-block-heading\"><strong>Realizar Inscri\u00e7\u00e3o em Edital<\/strong><\/h4>\n\n\n\n<p><mark style=\"background-color:rgba(0, 0, 0, 0)\" class=\"has-inline-color has-contrast-color\">Para ver o PDF, <\/mark><a href=\"https:\/\/saept.ic.ufmt.br\/wp-content\/uploads\/2025\/05\/Realizar-Inscricao-em-Edital.docx.pdf\" data-type=\"attachment\" data-id=\"643\">clique aqui<\/a><\/p>\n\n\n\n<p><\/p>\n","protected":false},"excerpt":{"rendered":"<p>Realizar Cadastro no Sistema SGC Para ver o PDF, clique aqui Realizar Inscri\u00e7\u00e3o em Edital Para ver o PDF, clique aqui<\/p>\n","protected":false},"author":4,"featured_media":0,"parent":0,"menu_order":0,"comment_status":"closed","ping_status":"closed","template":"","meta":{"footnotes":""},"class_list":["post-556","page","type-page","status-publish","hentry"],"_links":{"self":[{"href":"https:\/\/saept.ic.ufmt.br\/index.php\/wp-json\/wp\/v2\/pages\/556","targetHints":{"allow":["GET"]}}],"collection":[{"href":"https:\/\/saept.ic.ufmt.br\/index.php\/wp-json\/wp\/v2\/pages"}],"about":[{"href":"https:\/\/saept.ic.ufmt.br\/index.php\/wp-json\/wp\/v2\/types\/page"}],"author":[{"embeddable":true,"href":"https:\/\/saept.ic.ufmt.br\/index.php\/wp-json\/wp\/v2\/users\/4"}],"replies":[{"embeddable":true,"href":"https:\/\/saept.ic.ufmt.br\/index.php\/wp-json\/wp\/v2\/comments?post=556"}],"version-history":[{"count":6,"href":"https:\/\/saept.ic.ufmt.br\/index.php\/wp-json\/wp\/v2\/pages\/556\/revisions"}],"predecessor-version":[{"id":644,"href":"https:\/\/saept.ic.ufmt.br\/index.php\/wp-json\/wp\/v2\/pages\/556\/revisions\/644"}],"wp:attachment":[{"href":"https:\/\/saept.ic.ufmt.br\/index.php\/wp-json\/wp\/v2\/media?parent=556"}],"curies":[{"name":"wp","href":"https:\/\/api.w.org\/{rel}","templated":true}]}}