{"id":471,"date":"2024-10-28T22:00:09","date_gmt":"2024-10-29T01:00:09","guid":{"rendered":"https:\/\/saept.ic.ufmt.br\/?page_id=471"},"modified":"2024-11-19T10:53:12","modified_gmt":"2024-11-19T13:53:12","slug":"alunos","status":"publish","type":"page","link":"https:\/\/saept.ic.ufmt.br\/index.php\/alunos\/","title":{"rendered":"Alunos"},"content":{"rendered":"\n<div class=\"wp-block-columns is-layout-flex wp-container-core-columns-is-layout-28f84493 wp-block-columns-is-layout-flex\">\n<div class=\"wp-block-column is-layout-flow wp-block-column-is-layout-flow\">\n<h4 class=\"wp-block-heading\"><strong>Primeiro Acesso no SUAP<\/strong><\/h4>\n\n\n\n<p class=\"has-contrast-color has-text-color has-link-color wp-elements-541ee0b1ef0f5d77523976e394e5f704\">Para assistir ao v\u00eddeo, <a href=\"https:\/\/youtu.be\/kCs4mf0OAnE\" data-type=\"link\" data-id=\"https:\/\/youtu.be\/kCs4mf0OAnE\">clique aqui<\/a><br>Para ver o PDF, <a href=\"https:\/\/saept.ic.ufmt.br\/wp-content\/uploads\/2024\/11\/Manual-Primeiro-acesso-no-SUAP-.pdf\" data-type=\"link\" data-id=\"https:\/\/saept.ic.ufmt.br\/wp-content\/uploads\/2024\/11\/Manual-Primeiro-acesso-no-SUAP-.pdf\">clique aqui<\/a><\/p>\n<\/div>\n\n\n\n<div class=\"wp-block-column is-layout-flow wp-block-column-is-layout-flow\">\n<h4 class=\"wp-block-heading\"><strong><mark style=\"background-color:rgba(0, 0, 0, 0)\" class=\"has-inline-color has-contrast-color\">Solicitar Atestado de Frequ\u00eancia em Est\u00e1gio de Curso T\u00e9cnico<\/mark><\/strong><\/h4>\n\n\n\n<p class=\"has-contrast-color has-text-color has-link-color wp-elements-8062a3b20b4bf7d9770e1ee5fd606703\"><mark style=\"background-color:rgba(0, 0, 0, 0)\" class=\"has-inline-color has-contrast-color\">Para assistir ao v\u00eddeo, <a href=\"https:\/\/youtu.be\/0Gij-A1Q7hY\">clique aqui<\/a><br>Para ver o PDF, <a href=\"https:\/\/saept.ic.ufmt.br\/wp-content\/uploads\/2024\/10\/Manual_-_Solicitar_Atestado_de_Frequencia_em_Estagio_de_Curso_Tecnico__1_.pdf\" data-type=\"link\" data-id=\"https:\/\/saept.ic.ufmt.br\/wp-content\/uploads\/2024\/10\/Manual_-_Solicitar_Atestado_de_Frequencia_em_Estagio_de_Curso_Tecnico__1_.pdf\">clique aqui<\/a><\/mark><\/p>\n<\/div>\n<\/div>\n\n\n\n<hr class=\"wp-block-separator has-alpha-channel-opacity is-style-wide\"\/>\n\n\n\n<div class=\"wp-block-columns is-layout-flex wp-container-core-columns-is-layout-28f84493 wp-block-columns-is-layout-flex\">\n<div class=\"wp-block-column is-layout-flow wp-block-column-is-layout-flow\">\n<h4 class=\"wp-block-heading\"><strong>Solicitar Atestado de Frequ\u00eancia Escolar de Escola  T\u00e9cnica Estadual<\/strong><\/h4>\n\n\n\n<p class=\"has-contrast-color has-text-color has-link-color wp-elements-e9bc9df1884b103a9bf2dfd91ac1bae2\"><mark style=\"background-color:rgba(0, 0, 0, 0)\" class=\"has-inline-color has-contrast-color\">Para assistir ao v\u00eddeo, clique aqui<br>Para ver o PDF, <a href=\"https:\/\/saept.ic.ufmt.br\/wp-content\/uploads\/2024\/10\/Manual_-_Solicitar_Atestado_de_Frequencia_Escolar_de_Escola_Tecnica_Estadual.pdf\" data-type=\"link\" data-id=\"https:\/\/saept.ic.ufmt.br\/wp-content\/uploads\/2024\/10\/Manual_-_Solicitar_Atestado_de_Frequencia_Escolar_de_Escola_Tecnica_Estadual.pdf\">clique aqui<\/a><\/mark><\/p>\n<\/div>\n\n\n\n<div class=\"wp-block-column is-layout-flow wp-block-column-is-layout-flow\">\n<h4 class=\"wp-block-heading\"><strong>Solicitar Boletim de Escola T\u00e9cnica Estadual<\/strong><\/h4>\n\n\n\n<p class=\"has-contrast-color has-text-color has-link-color wp-elements-7ad7409166e4b812b886f3507cc4b56a\"><mark style=\"background-color:rgba(0, 0, 0, 0)\" class=\"has-inline-color has-contrast-color\">Para assistir ao v\u00eddeo, <a href=\"https:\/\/youtu.be\/EbDhfDrZ7dk\">clique aqui<\/a><br>Para ver o PDF, <a href=\"https:\/\/saept.ic.ufmt.br\/wp-content\/uploads\/2024\/10\/Manual_-_Solicitar_Boletim_de_Escola_Tecnica_Estadual.pdf\" data-type=\"link\" data-id=\"https:\/\/saept.ic.ufmt.br\/wp-content\/uploads\/2024\/10\/Manual_-_Solicitar_Boletim_de_Escola_Tecnica_Estadual.pdf\">clique aqui<\/a><\/mark><\/p>\n<\/div>\n<\/div>\n\n\n\n<hr class=\"wp-block-separator has-alpha-channel-opacity is-style-wide\"\/>\n\n\n\n<div class=\"wp-block-columns is-layout-flex wp-container-core-columns-is-layout-28f84493 wp-block-columns-is-layout-flex\">\n<div class=\"wp-block-column is-layout-flow wp-block-column-is-layout-flow\">\n<h4 class=\"wp-block-heading\"><strong>Solicitar Certificados de Cursos de Curta Dura\u00e7\u00e3o de Escola T\u00e9cnica Estadual<\/strong><\/h4>\n\n\n\n<p class=\"has-contrast-color has-text-color has-link-color wp-elements-fb426ca2a90234573355719c3958c2ca\"><mark style=\"background-color:rgba(0, 0, 0, 0)\" class=\"has-inline-color has-contrast-color\">Para assistir ao v\u00eddeo, <a href=\"https:\/\/youtu.be\/91Z1R5sxZTw\">clique aqui<\/a><br>Para ver o PDF, <a href=\"https:\/\/saept.ic.ufmt.br\/wp-content\/uploads\/2024\/10\/Manual_-_Solicitar_Certificados_de_Cursos_de_Curta_Duracao_de_Escola_Tecnica_Estadual.pdf\" data-type=\"link\" data-id=\"https:\/\/saept.ic.ufmt.br\/wp-content\/uploads\/2024\/10\/Manual_-_Solicitar_Certificados_de_Cursos_de_Curta_Duracao_de_Escola_Tecnica_Estadual.pdf\">clique aqui<\/a><\/mark><\/p>\n<\/div>\n\n\n\n<div class=\"wp-block-column is-layout-flow wp-block-column-is-layout-flow\">\n<h4 class=\"wp-block-heading\"><strong><mark style=\"background-color:rgba(0, 0, 0, 0)\" class=\"has-inline-color has-contrast-color\">Solicitar Declara\u00e7\u00e3o de Comparecimento<\/mark><\/strong><\/h4>\n\n\n\n<p class=\"has-contrast-color has-text-color has-link-color wp-elements-fdaef38a5c565bd015a22cb0444ab0fd\"><mark style=\"background-color:rgba(0, 0, 0, 0)\" class=\"has-inline-color has-contrast-color\">Para assistir ao v\u00eddeo, <a href=\"https:\/\/youtu.be\/QowF2HOmOrc\">clique aqui<\/a><br>Para ver o PDF, <a href=\"https:\/\/saept.ic.ufmt.br\/wp-content\/uploads\/2024\/10\/Manual_-_Solicitar_Declaracao_de_Comparecimento.pdf\" data-type=\"link\" data-id=\"https:\/\/saept.ic.ufmt.br\/wp-content\/uploads\/2024\/10\/Manual_-_Solicitar_Declaracao_de_Comparecimento.pdf\">clique aqui<\/a><\/mark><\/p>\n<\/div>\n<\/div>\n\n\n\n<hr class=\"wp-block-separator has-alpha-channel-opacity is-style-wide\"\/>\n\n\n\n<div class=\"wp-block-columns is-layout-flex wp-container-core-columns-is-layout-28f84493 wp-block-columns-is-layout-flex\">\n<div class=\"wp-block-column is-layout-flow wp-block-column-is-layout-flow\">\n<h4 class=\"wp-block-heading\"><strong>Solicitar Declara\u00e7\u00e3o de Conclus\u00e3o de Curso de Escola T\u00e9cnica Estadual<\/strong><\/h4>\n\n\n\n<p class=\"has-contrast-color has-text-color has-link-color wp-elements-11028a14fd0c46c6d37ef85b7dbfec08\"><mark style=\"background-color:rgba(0, 0, 0, 0)\" class=\"has-inline-color has-contrast-color\">Para assistir ao v\u00eddeo, <a href=\"https:\/\/youtu.be\/83x14NdDni4\">clique aqui<\/a><br>Para ver o PDF, <a href=\"https:\/\/saept.ic.ufmt.br\/wp-content\/uploads\/2024\/10\/Manual_-_Solicitar_Declaracao_de_Conclusao_de_Curso_de_Escola_Tecnica_Estadual.pdf\" data-type=\"link\" data-id=\"https:\/\/saept.ic.ufmt.br\/wp-content\/uploads\/2024\/10\/Manual_-_Solicitar_Certificados_de_Cursos_de_Curta_Duracao_de_Escola_Tecnica_Estadual.pdf\">clique aqui<\/a><\/mark><\/p>\n<\/div>\n\n\n\n<div class=\"wp-block-column is-layout-flow wp-block-column-is-layout-flow\">\n<h4 class=\"wp-block-heading\"><strong><mark style=\"background-color:rgba(0, 0, 0, 0)\" class=\"has-inline-color has-contrast-color\">Solicitar Declara\u00e7\u00e3o de Desist\u00eancia de Escola T\u00e9cnica Estadual<\/mark><\/strong><\/h4>\n\n\n\n<p class=\"has-contrast-color has-text-color has-link-color wp-elements-a58e968aeee773543b18496076da50c9\"><mark style=\"background-color:rgba(0, 0, 0, 0)\" class=\"has-inline-color has-contrast-color\">Para assistir ao v\u00eddeo, <a href=\"https:\/\/youtu.be\/0IlnEBzuHu0\">clique aqui<\/a><br>Para ver o PDF, <a href=\"https:\/\/saept.ic.ufmt.br\/wp-content\/uploads\/2024\/10\/Manual_-_Solicitar_Declaracao_de_Desistencia_de_Escola_Tecnica_Estadual.pdf\" data-type=\"link\" data-id=\"https:\/\/saept.ic.ufmt.br\/wp-content\/uploads\/2024\/10\/Manual_-_Solicitar_Declaracao_de_Desistencia_de_Escola_Tecnica_Estadual.pdf\">clique aqui<\/a><\/mark><\/p>\n<\/div>\n<\/div>\n\n\n\n<hr class=\"wp-block-separator has-alpha-channel-opacity is-style-wide\"\/>\n\n\n\n<div class=\"wp-block-columns is-layout-flex wp-container-core-columns-is-layout-28f84493 wp-block-columns-is-layout-flex\">\n<div class=\"wp-block-column is-layout-flow wp-block-column-is-layout-flow\">\n<h4 class=\"wp-block-heading\"><strong>Solicitar Declara\u00e7\u00e3o de Matr\u00edcula de Escola T\u00e9cnica Estadual<\/strong><\/h4>\n\n\n\n<p class=\"has-contrast-color has-text-color has-link-color wp-elements-f84536354db1a4f0f519f77795544b03\"><mark style=\"background-color:rgba(0, 0, 0, 0)\" class=\"has-inline-color has-contrast-color\">Para assistir ao v\u00eddeo, <a href=\"https:\/\/youtu.be\/x189NH4PTxo\">clique aqui<\/a><br>Para ver o PDF, <a href=\"https:\/\/saept.ic.ufmt.br\/wp-content\/uploads\/2024\/10\/Manual_-_Solicitar_Declaracao_de_Matricula_de_Escola_Tecnica_Estadual.pdf\" data-type=\"link\" data-id=\"https:\/\/saept.ic.ufmt.br\/wp-content\/uploads\/2024\/10\/Manual_-_Solicitar_Declaracao_de_Matricula_de_Escola_Tecnica_Estadual.pdf\">clique aqui<\/a><\/mark><\/p>\n<\/div>\n\n\n\n<div class=\"wp-block-column is-layout-flow wp-block-column-is-layout-flow\">\n<h4 class=\"wp-block-heading\"><strong><mark style=\"background-color:rgba(0, 0, 0, 0)\" class=\"has-inline-color has-contrast-color\">Solicitar Diploma de Escola T\u00e9cnica Estadual<\/mark><\/strong><\/h4>\n\n\n\n<p class=\"has-contrast-color has-text-color has-link-color wp-elements-4d6ff823f96144f343b7e6d8f053eb94\"><mark style=\"background-color:rgba(0, 0, 0, 0)\" class=\"has-inline-color has-contrast-color\">Para assistir ao v\u00eddeo, clique aqui<br>Para ver o PDF, <a href=\"https:\/\/saept.ic.ufmt.br\/wp-content\/uploads\/2024\/10\/Manual-Solicitar-Diploma-de-Escola-Tecnica-Estadual.pdf\" data-type=\"link\" data-id=\"https:\/\/saept.ic.ufmt.br\/wp-content\/uploads\/2024\/10\/Manual-Solicitar-Diploma-de-Escola-Tecnica-Estadual.pdf\">clique aqui<\/a><\/mark><\/p>\n<\/div>\n<\/div>\n\n\n\n<hr class=\"wp-block-separator has-alpha-channel-opacity is-style-wide\"\/>\n\n\n\n<div class=\"wp-block-columns is-layout-flex wp-container-core-columns-is-layout-28f84493 wp-block-columns-is-layout-flex\">\n<div class=\"wp-block-column is-layout-flow wp-block-column-is-layout-flow\">\n<h4 class=\"wp-block-heading\"><strong>Solicitar Guia de Transfer\u00eancia Escolar de Escola T\u00e9cnica Estadual<\/strong><\/h4>\n\n\n\n<p class=\"has-contrast-color has-text-color has-link-color wp-elements-44d414078158ef9fd20176daf02535be\"><mark style=\"background-color:rgba(0, 0, 0, 0)\" class=\"has-inline-color has-contrast-color\">Para assistir ao v\u00eddeo, <a href=\"https:\/\/youtu.be\/ItFx3ZJtnZo\">clique aqui<\/a><br>Para ver o PDF, <a href=\"https:\/\/saept.ic.ufmt.br\/wp-content\/uploads\/2024\/10\/Manual_-_Solicitar_Guia_de_Transferencia_Escolar_de_Escola_Tecnica_Estadual.pdf\" data-type=\"link\" data-id=\"https:\/\/saept.ic.ufmt.br\/wp-content\/uploads\/2024\/10\/Manual_-_Solicitar_Guia_de_Transferencia_Escolar_de_Escola_Tecnica_Estadual.pdf\">clique aqui<\/a><\/mark><\/p>\n<\/div>\n\n\n\n<div class=\"wp-block-column is-layout-flow wp-block-column-is-layout-flow\">\n<h4 class=\"wp-block-heading\"><strong><mark style=\"background-color:rgba(0, 0, 0, 0)\" class=\"has-inline-color has-contrast-color\">Solicitar Hist\u00f3rico Escolar de Escola T\u00e9cnica Estadual<\/mark><\/strong><\/h4>\n\n\n\n<p class=\"has-contrast-color has-text-color has-link-color wp-elements-82d638b07427907a4acb246e08912afd\"><mark style=\"background-color:rgba(0, 0, 0, 0)\" class=\"has-inline-color has-contrast-color\">Para assistir ao v\u00eddeo, <a href=\"https:\/\/youtu.be\/Lq_qE1_GCM4\">clique aqui<\/a><br>Para ver o PDF, <a href=\"https:\/\/saept.ic.ufmt.br\/wp-content\/uploads\/2024\/10\/Manual_-_Solicitar_Historico_Escolar_de_Escola_Tecnica_Estadual.pdf\" data-type=\"link\" data-id=\"https:\/\/saept.ic.ufmt.br\/wp-content\/uploads\/2024\/10\/Manual_-_Solicitar_Historico_Escolar_de_Escola_Tecnica_Estadual.pdf\">clique aqui<\/a><\/mark><\/p>\n<\/div>\n<\/div>\n\n\n\n<hr class=\"wp-block-separator has-alpha-channel-opacity is-style-wide\"\/>\n\n\n\n<div class=\"wp-block-columns is-layout-flex wp-container-core-columns-is-layout-28f84493 wp-block-columns-is-layout-flex\">\n<div class=\"wp-block-column is-layout-flow wp-block-column-is-layout-flow\">\n<h4 class=\"wp-block-heading\"><strong>Solicitar Segunda Via de Diploma ou Certificado de Escola T\u00e9cnica Estadual<\/strong><\/h4>\n\n\n\n<p class=\"has-contrast-color has-text-color has-link-color wp-elements-5f439cc0eb1c5282bab5ca42d68844df\"><mark style=\"background-color:rgba(0, 0, 0, 0)\" class=\"has-inline-color has-contrast-color\">Para assistir ao v\u00eddeo, <a href=\"https:\/\/youtu.be\/ijxxcKMB6G0\">clique aqui<\/a><br>Para ver o PDF, <a href=\"https:\/\/saept.ic.ufmt.br\/wp-content\/uploads\/2024\/10\/Manual_-_Solicitar_Segunda_Via_de_Diploma_ou_Certificado_de_Escola_Tecnica_Estadual.pdf\" data-type=\"link\" data-id=\"https:\/\/saept.ic.ufmt.br\/wp-content\/uploads\/2024\/10\/Manual_-_Solicitar_Segunda_Via_de_Diploma_ou_Certificado_de_Escola_Tecnica_Estadual.pdf\">clique aqui<\/a><\/mark><\/p>\n<\/div>\n\n\n\n<div class=\"wp-block-column is-layout-flow wp-block-column-is-layout-flow\">\n<h4 class=\"wp-block-heading\"><strong><mark style=\"background-color:rgba(0, 0, 0, 0)\" class=\"has-inline-color has-contrast-color\">Solicitar Transfer\u00eancia de Turno Matriculado em Escola T\u00e9cnica Estadual<\/mark><\/strong><\/h4>\n\n\n\n<p class=\"has-contrast-color has-text-color has-link-color wp-elements-6377bbb7aaf5347ebd721dd2aed4a098\"><mark style=\"background-color:rgba(0, 0, 0, 0)\" class=\"has-inline-color has-contrast-color\">Para assistir ao v\u00eddeo, clique aqui<br>Para ver o PDF, <a href=\"https:\/\/saept.ic.ufmt.br\/wp-content\/uploads\/2024\/10\/Manual_-_Solicitar_Transferencia_de_Turno_Matriculado_em_Escola_Tecnica_Estadual.pdf\" data-type=\"link\" data-id=\"https:\/\/saept.ic.ufmt.br\/wp-content\/uploads\/2024\/10\/Manual_-_Solicitar_Historico_Escolar_de_Escola_Tecnica_Estadual.pdf\">clique aqui<\/a><\/mark><\/p>\n<\/div>\n<\/div>\n\n\n\n<hr class=\"wp-block-separator has-alpha-channel-opacity is-style-wide\"\/>\n\n\n\n<div class=\"wp-block-columns is-layout-flex wp-container-core-columns-is-layout-28f84493 wp-block-columns-is-layout-flex\">\n<div class=\"wp-block-column is-layout-flow wp-block-column-is-layout-flow\">\n<h4 class=\"wp-block-heading\"><strong>Solicitar Aproveitamento de Estudos de Escola T\u00e9cnica Estadual<\/strong><\/h4>\n\n\n\n<p class=\"has-contrast-color has-text-color has-link-color wp-elements-0296cb483ed62f4a8abd588477c0f6e0\">Para assistir ao v\u00eddeo, <a href=\"https:\/\/youtu.be\/pDapZ2DmKCs\">clique aqui<\/a><br>Para ver o PDF, <a href=\"https:\/\/saept.ic.ufmt.br\/wp-content\/uploads\/2024\/10\/Manual_-_Solicitacao_de_Aproveitamento_de_Estudos.pdf\" data-type=\"link\" data-id=\"https:\/\/saept.ic.ufmt.br\/wp-content\/uploads\/2024\/10\/Manual_-_Solicitacao_de_Aproveitamento_de_Estudos.pdf\">clique aqui<\/a><\/p>\n<\/div>\n\n\n\n<div class=\"wp-block-column is-layout-flow wp-block-column-is-layout-flow\">\n<h4 class=\"wp-block-heading\"><strong>Verificar a Validade de Documentos de Escola T\u00e9cnica                                                                                                                 Estadual<\/strong><\/h4>\n\n\n\n<p class=\"has-contrast-color has-text-color has-link-color wp-elements-fb8c17b17219d72ce2aa2c4463248df7\"><mark style=\"background-color:rgba(0, 0, 0, 0)\" class=\"has-inline-color has-contrast-color\">Para assistir ao v\u00eddeo, <a href=\"https:\/\/youtu.be\/namp8hwtPds\">clique aqui<\/a><br>Para ver o PDF, <a href=\"https:\/\/saept.ic.ufmt.br\/wp-content\/uploads\/2024\/10\/Manual_-_Verificar_a_Validade_de_Documentos_de_Escola_Tecnica_Estadual.pdf\" data-type=\"link\" data-id=\"https:\/\/saept.ic.ufmt.br\/wp-content\/uploads\/2024\/10\/Manual_-_Solicitar_Guia_de_Transferencia_Escolar_de_Escola_Tecnica_Estadual.pdf\">clique aqui<\/a><\/mark><\/p>\n<\/div>\n<\/div>\n\n\n\n<p><\/p>\n","protected":false},"excerpt":{"rendered":"<p>Primeiro Acesso no SUAP Para assistir ao v\u00eddeo, clique aquiPara ver o PDF, clique aqui Solicitar Atestado de Frequ\u00eancia em Est\u00e1gio de Curso T\u00e9cnico Para assistir ao v\u00eddeo, clique aquiPara ver o PDF, clique aqui Solicitar Atestado de Frequ\u00eancia Escolar de Escola T\u00e9cnica Estadual Para assistir ao v\u00eddeo, clique aquiPara ver o PDF, clique aqui [&hellip;]<\/p>\n","protected":false},"author":3,"featured_media":0,"parent":0,"menu_order":0,"comment_status":"closed","ping_status":"closed","template":"","meta":{"footnotes":""},"class_list":["post-471","page","type-page","status-publish","hentry"],"_links":{"self":[{"href":"https:\/\/saept.ic.ufmt.br\/index.php\/wp-json\/wp\/v2\/pages\/471","targetHints":{"allow":["GET"]}}],"collection":[{"href":"https:\/\/saept.ic.ufmt.br\/index.php\/wp-json\/wp\/v2\/pages"}],"about":[{"href":"https:\/\/saept.ic.ufmt.br\/index.php\/wp-json\/wp\/v2\/types\/page"}],"author":[{"embeddable":true,"href":"https:\/\/saept.ic.ufmt.br\/index.php\/wp-json\/wp\/v2\/users\/3"}],"replies":[{"embeddable":true,"href":"https:\/\/saept.ic.ufmt.br\/index.php\/wp-json\/wp\/v2\/comments?post=471"}],"version-history":[{"count":10,"href":"https:\/\/saept.ic.ufmt.br\/index.php\/wp-json\/wp\/v2\/pages\/471\/revisions"}],"predecessor-version":[{"id":519,"href":"https:\/\/saept.ic.ufmt.br\/index.php\/wp-json\/wp\/v2\/pages\/471\/revisions\/519"}],"wp:attachment":[{"href":"https:\/\/saept.ic.ufmt.br\/index.php\/wp-json\/wp\/v2\/media?parent=471"}],"curies":[{"name":"wp","href":"https:\/\/api.w.org\/{rel}","templated":true}]}}