{"id":449,"date":"2024-09-23T16:03:45","date_gmt":"2024-09-23T19:03:45","guid":{"rendered":"https:\/\/saept.ic.ufmt.br\/?page_id=449"},"modified":"2024-11-07T16:29:02","modified_gmt":"2024-11-07T19:29:02","slug":"publicacoes","status":"publish","type":"page","link":"https:\/\/saept.ic.ufmt.br\/index.php\/publicacoes\/","title":{"rendered":"Publica\u00e7\u00f5es"},"content":{"rendered":"\n<h4 class=\"wp-block-heading\">Workshop de Computa\u00e7\u00e3o Aplicada em Governo Eletr\u00f4nico (WCGE) &#8211; 2024<\/h4>\n\n\n\n<ul class=\"wp-block-list\">\n<li><a href=\"https:\/\/sol.sbc.org.br\/index.php\/wcge\/article\/view\/29546\" data-type=\"link\" data-id=\"https:\/\/sol.sbc.org.br\/index.php\/wcge\/article\/view\/29546\">Metodologias \u00c1geis aplicadas na automatiza\u00e7\u00e3o da Gest\u00e3o Acad\u00eamica de Escolas T\u00e9cnicas do Estado de Mato Grosso<\/a>.<\/li>\n<\/ul>\n\n\n\n<h4 class=\"wp-block-heading\">Vig\u00e9sima Tercera Conferencia Iberoamericana em Sistemas, Cibern\u00e9tica e Inform\u00e1tica: CISCI 2024<\/h4>\n\n\n\n<ul class=\"wp-block-list\">\n<li><a href=\"https:\/\/www.iiis.org\/CDs2024\/CD2024Summer\/\/papers\/CA345CF.pdf\" data-type=\"link\" data-id=\"https:\/\/www.iiis.org\/CDs2024\/CD2024Summer\/\/papers\/CA345CF.pdf\">Aprimoramento da gest\u00e3o educacional por meio de Tecnologias em Nuvem Computacional nas Escolas T\u00e9cnicas Estaduais Mato-Grossenses<\/a>.<\/li>\n<\/ul>\n\n\n\n<h4 class=\"wp-block-heading\">Semin\u00e1rio de Educa\u00e7\u00e3o: SemiEdu 2024<\/h4>\n\n\n\n<ul class=\"wp-block-list\">\n<li><a href=\"https:\/\/setec.ufmt.br\/eventos\/semiedu2024\/wp-content\/uploads\/2024\/11\/Ensalamento-SemiEdu-2024.pdf\" data-type=\"link\" data-id=\"https:\/\/www.iiis.org\/CDs2024\/CD2024Summer\/\/papers\/CA345CF.pdf\">Forma\u00e7\u00e3o para uso de ambiente de gest\u00e3o escolar por meio da computa\u00e7\u00e3o em nuvem<\/a>.<\/li>\n<\/ul>\n\n\n\n<p><\/p>\n","protected":false},"excerpt":{"rendered":"<p>Workshop de Computa\u00e7\u00e3o Aplicada em Governo Eletr\u00f4nico (WCGE) &#8211; 2024 Vig\u00e9sima Tercera Conferencia Iberoamericana em Sistemas, Cibern\u00e9tica e Inform\u00e1tica: CISCI 2024 Semin\u00e1rio de Educa\u00e7\u00e3o: SemiEdu 2024<\/p>\n","protected":false},"author":4,"featured_media":0,"parent":0,"menu_order":0,"comment_status":"closed","ping_status":"closed","template":"","meta":{"footnotes":""},"class_list":["post-449","page","type-page","status-publish","hentry"],"_links":{"self":[{"href":"https:\/\/saept.ic.ufmt.br\/index.php\/wp-json\/wp\/v2\/pages\/449","targetHints":{"allow":["GET"]}}],"collection":[{"href":"https:\/\/saept.ic.ufmt.br\/index.php\/wp-json\/wp\/v2\/pages"}],"about":[{"href":"https:\/\/saept.ic.ufmt.br\/index.php\/wp-json\/wp\/v2\/types\/page"}],"author":[{"embeddable":true,"href":"https:\/\/saept.ic.ufmt.br\/index.php\/wp-json\/wp\/v2\/users\/4"}],"replies":[{"embeddable":true,"href":"https:\/\/saept.ic.ufmt.br\/index.php\/wp-json\/wp\/v2\/comments?post=449"}],"version-history":[{"count":8,"href":"https:\/\/saept.ic.ufmt.br\/index.php\/wp-json\/wp\/v2\/pages\/449\/revisions"}],"predecessor-version":[{"id":506,"href":"https:\/\/saept.ic.ufmt.br\/index.php\/wp-json\/wp\/v2\/pages\/449\/revisions\/506"}],"wp:attachment":[{"href":"https:\/\/saept.ic.ufmt.br\/index.php\/wp-json\/wp\/v2\/media?parent=449"}],"curies":[{"name":"wp","href":"https:\/\/api.w.org\/{rel}","templated":true}]}}