{"id":185,"date":"2024-08-16T18:26:56","date_gmt":"2024-08-16T21:26:56","guid":{"rendered":"https:\/\/front.ic.ufmt.br\/?page_id=185"},"modified":"2024-08-19T09:55:33","modified_gmt":"2024-08-19T12:55:33","slug":"professores","status":"publish","type":"page","link":"https:\/\/saept.ic.ufmt.br\/index.php\/professores\/","title":{"rendered":"Professores"},"content":{"rendered":"\n<div class=\"wp-block-columns is-layout-flex wp-container-core-columns-is-layout-28f84493 wp-block-columns-is-layout-flex\">\n<div class=\"wp-block-column is-layout-flow wp-block-column-is-layout-flow\">\n<h4 class=\"wp-block-heading\"><strong>Lan\u00e7amento de Aulas<\/strong><\/h4>\n\n\n\n<p class=\"has-contrast-color has-text-color has-link-color wp-elements-79662db1d4cef0d7bc764a19632a3f97\">Para ver o mapeamento, <a href=\"https:\/\/front.ic.ufmt.br\/wp-content\/uploads\/2024\/08\/Diagrama-Lancamento-de-Aulas.pdf\" data-type=\"link\" data-id=\"https:\/\/front.ic.ufmt.br\/wp-content\/uploads\/2024\/07\/Manual-Setores.pdf\" target=\"_blank\" rel=\"noreferrer noopener\">clique aqui<\/a><\/p>\n<\/div>\n\n\n\n<div class=\"wp-block-column is-layout-flow wp-block-column-is-layout-flow\">\n<h4 class=\"wp-block-heading\"><strong>Lan\u00e7amento de Faltas<\/strong><\/h4>\n\n\n\n<p class=\"has-contrast-color has-text-color has-link-color wp-elements-9e5ed63c1c54cc96b7ecff7d15e89e19\"><mark style=\"background-color:rgba(0, 0, 0, 0)\" class=\"has-inline-color has-contrast-color\">Para ver o mapeamento, clique aqui<\/mark><\/p>\n<\/div>\n<\/div>\n\n\n\n<hr class=\"wp-block-separator has-alpha-channel-opacity is-style-wide\"\/>\n\n\n\n<div class=\"wp-block-columns is-layout-flex wp-container-core-columns-is-layout-28f84493 wp-block-columns-is-layout-flex\">\n<div class=\"wp-block-column is-layout-flow wp-block-column-is-layout-flow\">\n<h4 class=\"wp-block-heading\"><strong>Lan\u00e7amento de Notas<\/strong><\/h4>\n\n\n\n<p class=\"has-contrast-color has-text-color has-link-color wp-elements-9e5ed63c1c54cc96b7ecff7d15e89e19\"><mark style=\"background-color:rgba(0, 0, 0, 0)\" class=\"has-inline-color has-contrast-color\">Para ver o mapeamento, clique aqui<\/mark><\/p>\n<\/div>\n\n\n\n<div class=\"wp-block-column is-layout-flow wp-block-column-is-layout-flow\">\n<h4 class=\"wp-block-heading\"><strong>Entrega de Etapas<\/strong><\/h4>\n\n\n\n<p class=\"has-contrast-color has-text-color has-link-color wp-elements-9e5ed63c1c54cc96b7ecff7d15e89e19\"><mark style=\"background-color:rgba(0, 0, 0, 0)\" class=\"has-inline-color has-contrast-color\">Para ver o mapeamento, clique aqui<\/mark><\/p>\n<\/div>\n<\/div>\n\n\n\n<hr class=\"wp-block-separator has-alpha-channel-opacity is-style-wide\"\/>\n\n\n\n<div class=\"wp-block-columns is-layout-flex wp-container-core-columns-is-layout-28f84493 wp-block-columns-is-layout-flex\">\n<div class=\"wp-block-column is-layout-flow wp-block-column-is-layout-flow\">\n<h4 class=\"wp-block-heading\"><strong>Fun\u00e7\u00e3o Di\u00e1rio<\/strong><\/h4>\n\n\n\n<p class=\"has-contrast-color has-text-color has-link-color wp-elements-9e5ed63c1c54cc96b7ecff7d15e89e19\"><mark style=\"background-color:rgba(0, 0, 0, 0)\" class=\"has-inline-color has-contrast-color\">Para ver o mapeamento, clique aqui<\/mark><\/p>\n<\/div>\n\n\n\n<div class=\"wp-block-column is-layout-flow wp-block-column-is-layout-flow\">\n<h4 class=\"wp-block-heading\"><strong><mark style=\"background-color:rgba(0, 0, 0, 0)\" class=\"has-inline-color has-contrast-color\">Recupera\u00e7\u00e3o de Senha com o Login<\/mark><\/strong><\/h4>\n\n\n\n<p class=\"has-contrast-color has-text-color has-link-color wp-elements-9e5ed63c1c54cc96b7ecff7d15e89e19\"><mark style=\"background-color:rgba(0, 0, 0, 0)\" class=\"has-inline-color has-contrast-color\">Para ver o mapeamento, clique aqui<\/mark><\/p>\n<\/div>\n<\/div>\n\n\n\n<hr class=\"wp-block-separator has-alpha-channel-opacity is-style-wide\"\/>\n\n\n\n<div class=\"wp-block-columns is-layout-flex wp-container-core-columns-is-layout-28f84493 wp-block-columns-is-layout-flex\">\n<div class=\"wp-block-column is-layout-flow wp-block-column-is-layout-flow\">\n<h4 class=\"wp-block-heading\"><strong>Chamado<\/strong><\/h4>\n\n\n\n<p class=\"has-contrast-color has-text-color has-link-color wp-elements-9e5ed63c1c54cc96b7ecff7d15e89e19\"><mark style=\"background-color:rgba(0, 0, 0, 0)\" class=\"has-inline-color has-contrast-color\">Para ver o mapeamento, clique aqui<\/mark><\/p>\n<\/div>\n<\/div>\n","protected":false},"excerpt":{"rendered":"<p>Lan\u00e7amento de Aulas Para ver o mapeamento, clique aqui Lan\u00e7amento de Faltas Para ver o mapeamento, clique aqui Lan\u00e7amento de Notas Para ver o mapeamento, clique aqui Entrega de Etapas Para ver o mapeamento, clique aqui Fun\u00e7\u00e3o Di\u00e1rio Para ver o mapeamento, clique aqui Recupera\u00e7\u00e3o de Senha com o Login Para ver o mapeamento, clique [&hellip;]<\/p>\n","protected":false},"author":3,"featured_media":0,"parent":0,"menu_order":0,"comment_status":"closed","ping_status":"closed","template":"","meta":{"footnotes":""},"class_list":["post-185","page","type-page","status-publish","hentry"],"_links":{"self":[{"href":"https:\/\/saept.ic.ufmt.br\/index.php\/wp-json\/wp\/v2\/pages\/185","targetHints":{"allow":["GET"]}}],"collection":[{"href":"https:\/\/saept.ic.ufmt.br\/index.php\/wp-json\/wp\/v2\/pages"}],"about":[{"href":"https:\/\/saept.ic.ufmt.br\/index.php\/wp-json\/wp\/v2\/types\/page"}],"author":[{"embeddable":true,"href":"https:\/\/saept.ic.ufmt.br\/index.php\/wp-json\/wp\/v2\/users\/3"}],"replies":[{"embeddable":true,"href":"https:\/\/saept.ic.ufmt.br\/index.php\/wp-json\/wp\/v2\/comments?post=185"}],"version-history":[{"count":6,"href":"https:\/\/saept.ic.ufmt.br\/index.php\/wp-json\/wp\/v2\/pages\/185\/revisions"}],"predecessor-version":[{"id":198,"href":"https:\/\/saept.ic.ufmt.br\/index.php\/wp-json\/wp\/v2\/pages\/185\/revisions\/198"}],"wp:attachment":[{"href":"https:\/\/saept.ic.ufmt.br\/index.php\/wp-json\/wp\/v2\/media?parent=185"}],"curies":[{"name":"wp","href":"https:\/\/api.w.org\/{rel}","templated":true}]}}